{"id":1006,"date":"2025-03-03T17:37:52","date_gmt":"2025-03-03T16:37:52","guid":{"rendered":"https:\/\/www.lecellier20.be\/?page_id=1006"},"modified":"2025-03-03T17:59:26","modified_gmt":"2025-03-03T16:59:26","slug":"journal","status":"publish","type":"page","link":"https:\/\/www.lecellier20.be\/index.php\/journal\/","title":{"rendered":"Journal"},"content":{"rendered":"<style>.wp-block-kadence-advancedheading.kt-adv-heading1006_0ebe2e-0f, .wp-block-kadence-advancedheading.kt-adv-heading1006_0ebe2e-0f[data-kb-block=\"kb-adv-heading1006_0ebe2e-0f\"]{font-style:normal;}.wp-block-kadence-advancedheading.kt-adv-heading1006_0ebe2e-0f mark.kt-highlight, .wp-block-kadence-advancedheading.kt-adv-heading1006_0ebe2e-0f[data-kb-block=\"kb-adv-heading1006_0ebe2e-0f\"] mark.kt-highlight{font-style:normal;color:#f76a0c;-webkit-box-decoration-break:clone;box-decoration-break:clone;padding-top:0px;padding-right:0px;padding-bottom:0px;padding-left:0px;}<\/style>\n<h2 class=\"kt-adv-heading1006_0ebe2e-0f wp-block-kadence-advancedheading\" data-kb-block=\"kb-adv-heading1006_0ebe2e-0f\">D\u00e9couvrez Biga Times!<\/h2>\n\n\n<style>.wp-block-kadence-advancedheading.kt-adv-heading1006_c4c3ac-6d, .wp-block-kadence-advancedheading.kt-adv-heading1006_c4c3ac-6d[data-kb-block=\"kb-adv-heading1006_c4c3ac-6d\"]{font-style:normal;}.wp-block-kadence-advancedheading.kt-adv-heading1006_c4c3ac-6d mark.kt-highlight, .wp-block-kadence-advancedheading.kt-adv-heading1006_c4c3ac-6d[data-kb-block=\"kb-adv-heading1006_c4c3ac-6d\"] mark.kt-highlight{font-style:normal;color:#f76a0c;-webkit-box-decoration-break:clone;box-decoration-break:clone;padding-top:0px;padding-right:0px;padding-bottom:0px;padding-left:0px;}<\/style>\n<h3 class=\"kt-adv-heading1006_c4c3ac-6d wp-block-kadence-advancedheading\" data-kb-block=\"kb-adv-heading1006_c4c3ac-6d\">Je suis ravi de vous pr\u00e9senter ma collaboration exclusive avec <strong>Biga Wines<\/strong>, une r\u00e9f\u00e9rence en mati\u00e8re de vins d&rsquo;exception. En tant que <strong>partenaire officiel pour la Wallonie<\/strong>, je mets \u00e0 votre disposition une <strong>s\u00e9lection unique<\/strong> de vins soigneusement choisis pour leur qualit\u00e9, leur terroir et leur authenticit\u00e9.<br>Que vous soyez amateur de grands crus ou \u00e0 la recherche de nouvelles d\u00e9couvertes, vous trouverez ici des <strong>bouteilles d\u2019exception<\/strong> adapt\u00e9es \u00e0 chaque occasion.<br><br>Laissez-vous inspirer par des vins qui racontent une histoire!<\/h3>\n\n\n<style>.wp-block-kadence-advancedbtn.kb-btns1006_2dab54-b6{gap:var(--global-kb-gap-xs, 0.5rem );justify-content:center;align-items:center;}.kt-btns1006_2dab54-b6 .kt-button{font-weight:normal;font-style:normal;}.kt-btns1006_2dab54-b6 .kt-btn-wrap-0{margin-right:5px;}.wp-block-kadence-advancedbtn.kt-btns1006_2dab54-b6 .kt-btn-wrap-0 .kt-button{color:#555555;border-color:#555555;}.wp-block-kadence-advancedbtn.kt-btns1006_2dab54-b6 .kt-btn-wrap-0 .kt-button:hover, .wp-block-kadence-advancedbtn.kt-btns1006_2dab54-b6 .kt-btn-wrap-0 .kt-button:focus{color:#ffffff;border-color:#444444;}.wp-block-kadence-advancedbtn.kt-btns1006_2dab54-b6 .kt-btn-wrap-0 .kt-button::before{display:none;}.wp-block-kadence-advancedbtn.kt-btns1006_2dab54-b6 .kt-btn-wrap-0 .kt-button:hover, .wp-block-kadence-advancedbtn.kt-btns1006_2dab54-b6 .kt-btn-wrap-0 .kt-button:focus{background:#444444;}<\/style>\n<div class=\"wp-block-kadence-advancedbtn kb-buttons-wrap kb-btns1006_2dab54-b6\"><style>ul.menu .wp-block-kadence-advancedbtn .kb-btn1006_419bb2-7a.kb-button{width:initial;}.wp-block-kadence-advancedbtn .kb-btn1006_419bb2-7a.kb-button{color:var(--nv-site-bg);background:var(--nv-secondary-accent);border-top-left-radius:10px;border-top-right-radius:10px;border-bottom-right-radius:10px;border-bottom-left-radius:10px;}.wp-block-kadence-advancedbtn .kb-btn1006_419bb2-7a.kb-button:hover, .wp-block-kadence-advancedbtn .kb-btn1006_419bb2-7a.kb-button:focus{background:var(--nv-primary-accent);border-top-left-radius:10px;border-top-right-radius:10px;border-bottom-right-radius:10px;border-bottom-left-radius:10px;}<\/style><a class=\"kb-button kt-button button kb-btn1006_419bb2-7a kt-btn-size-standard kt-btn-width-type-auto kb-btn-global-fill kt-btn-has-text-true kt-btn-has-svg-false  wp-block-kadence-singlebtn\" href=\"https:\/\/www.lecellier20.be\/index.php\/52e3e-contact\/\"><span class=\"kt-btn-inner-text\">CONTACTEZ-MOI<\/span><\/a><\/div>\n\n\n\n<div style=\"height:43px\" aria-hidden=\"true\" class=\"wp-block-spacer\"><\/div>\n\n\n\n<div data-wp-interactive=\"core\/file\" class=\"wp-block-file\"><object data-wp-bind--hidden=\"!state.hasPdfPreview\" hidden class=\"wp-block-file__embed\" data=\"https:\/\/www.lecellier20.be\/wp-content\/uploads\/2025\/03\/BIGA_TIMES_FR_.pdf\" type=\"application\/pdf\" style=\"width:100%;height:600px\" aria-label=\"Contenu embarqu\u00e9 BIGA_TIMES_FR_.\"><\/object><a id=\"wp-block-file--media-f2346ad1-4ff5-45c1-b175-c45fe04deea7\" href=\"https:\/\/www.lecellier20.be\/wp-content\/uploads\/2025\/03\/BIGA_TIMES_FR_.pdf\">BIGA_TIMES_FR_<\/a><a href=\"https:\/\/www.lecellier20.be\/wp-content\/uploads\/2025\/03\/BIGA_TIMES_FR_.pdf\" class=\"wp-block-file__button wp-element-button\" download aria-describedby=\"wp-block-file--media-f2346ad1-4ff5-45c1-b175-c45fe04deea7\">T\u00e9l\u00e9charger<\/a><\/div>\n","protected":false},"excerpt":{"rendered":"<p>D\u00e9couvrez Biga Times! Je suis ravi de vous pr\u00e9senter ma collaboration exclusive avec Biga Wines, une r\u00e9f\u00e9rence en mati\u00e8re de vins d&rsquo;exception. En tant que partenaire officiel pour la Wallonie, je mets \u00e0 votre disposition une s\u00e9lection unique de vins soigneusement choisis pour leur qualit\u00e9, leur terroir et leur authenticit\u00e9.Que vous soyez amateur de grands&hellip;&nbsp;<a href=\"https:\/\/www.lecellier20.be\/index.php\/journal\/\" rel=\"bookmark\">Lire la suite &raquo;<span class=\"screen-reader-text\">Journal<\/span><\/a><\/p>\n","protected":false},"author":1,"featured_media":0,"parent":0,"menu_order":0,"comment_status":"closed","ping_status":"closed","template":"","meta":{"neve_meta_sidebar":"","neve_meta_container":"","neve_meta_enable_content_width":"","neve_meta_content_width":0,"neve_meta_title_alignment":"","neve_meta_author_avatar":"","neve_post_elements_order":"","neve_meta_disable_header":"","neve_meta_disable_footer":"","neve_meta_disable_title":"","_themeisle_gutenberg_block_has_review":false,"footnotes":""},"class_list":["post-1006","page","type-page","status-publish","hentry"],"_links":{"self":[{"href":"https:\/\/www.lecellier20.be\/index.php\/wp-json\/wp\/v2\/pages\/1006","targetHints":{"allow":["GET"]}}],"collection":[{"href":"https:\/\/www.lecellier20.be\/index.php\/wp-json\/wp\/v2\/pages"}],"about":[{"href":"https:\/\/www.lecellier20.be\/index.php\/wp-json\/wp\/v2\/types\/page"}],"author":[{"embeddable":true,"href":"https:\/\/www.lecellier20.be\/index.php\/wp-json\/wp\/v2\/users\/1"}],"replies":[{"embeddable":true,"href":"https:\/\/www.lecellier20.be\/index.php\/wp-json\/wp\/v2\/comments?post=1006"}],"version-history":[{"count":8,"href":"https:\/\/www.lecellier20.be\/index.php\/wp-json\/wp\/v2\/pages\/1006\/revisions"}],"predecessor-version":[{"id":1019,"href":"https:\/\/www.lecellier20.be\/index.php\/wp-json\/wp\/v2\/pages\/1006\/revisions\/1019"}],"wp:attachment":[{"href":"https:\/\/www.lecellier20.be\/index.php\/wp-json\/wp\/v2\/media?parent=1006"}],"curies":[{"name":"wp","href":"https:\/\/api.w.org\/{rel}","templated":true}]}}